{"id":769,"date":"2025-08-20T22:51:26","date_gmt":"2025-08-20T22:51:26","guid":{"rendered":"https:\/\/n-ring57.pro\/?page_id=769"},"modified":"2025-08-21T20:56:03","modified_gmt":"2025-08-21T20:56:03","slug":"quienes-somos-v2","status":"publish","type":"page","link":"https:\/\/n-ring57.pro\/?page_id=769","title":{"rendered":"QUI\u00c9NES SOMOS"},"content":{"rendered":"\n<div class=\"wp-block-cover is-light\" style=\"min-height:348px;aspect-ratio:unset;\"><img loading=\"lazy\" decoding=\"async\" width=\"1024\" height=\"1024\" class=\"wp-block-cover__image-background wp-image-701 size-large\" alt=\"\" src=\"https:\/\/n-ring57.pro\/wp-content\/uploads\/2025\/08\/fondo-1024x1024.png\" data-object-fit=\"cover\" srcset=\"https:\/\/n-ring57.pro\/wp-content\/uploads\/2025\/08\/fondo-1024x1024.png 1024w, https:\/\/n-ring57.pro\/wp-content\/uploads\/2025\/08\/fondo-300x300.png 300w, https:\/\/n-ring57.pro\/wp-content\/uploads\/2025\/08\/fondo-150x150.png 150w, https:\/\/n-ring57.pro\/wp-content\/uploads\/2025\/08\/fondo-768x768.png 768w, https:\/\/n-ring57.pro\/wp-content\/uploads\/2025\/08\/fondo.png 1500w\" sizes=\"auto, (max-width: 1024px) 100vw, 1024px\" \/><span aria-hidden=\"true\" class=\"wp-block-cover__background has-background-dim\" style=\"background-color:#def0f4\"><\/span><div class=\"wp-block-cover__inner-container is-layout-constrained wp-block-cover-is-layout-constrained\">\n<p><em>Somos una empresa dedicada al automodelismo, que quiere llegar a aquellos que son apasionados, aficionados y amantes de los autom\u00f3viles de colecci\u00f3n a escala que buscan siempre lo mejor; exclusividad, estilo, dise\u00f1o e innovaci\u00f3n con piezas de calidad realista y alto grado de detalle en sus componentes.<\/em>&nbsp;<\/p>\n\n\n\n<p><strong><em>NURBURGRING 57&nbsp;<\/em><\/strong><em>busca siempre hacer la diferencia ofreciendo calidad, modelos \u00fanicos, dise\u00f1os con estilo, con una filosof\u00eda de<\/em><strong><em> seriedad, respeto, compromiso y cumplimiento&nbsp;<\/em><\/strong><em>con todos y cada uno de nuestros clientes tanto a nivel local como a nivel nacional.<\/em>&nbsp;<\/p>\n<\/div><\/div>\n\n\n\n<p><\/p>\n","protected":false},"excerpt":{"rendered":"","protected":false},"author":1,"featured_media":0,"parent":0,"menu_order":0,"comment_status":"closed","ping_status":"closed","template":"","meta":{"footnotes":""},"class_list":["post-769","page","type-page","status-publish","hentry","post"],"_links":{"self":[{"href":"https:\/\/n-ring57.pro\/index.php?rest_route=\/wp\/v2\/pages\/769","targetHints":{"allow":["GET"]}}],"collection":[{"href":"https:\/\/n-ring57.pro\/index.php?rest_route=\/wp\/v2\/pages"}],"about":[{"href":"https:\/\/n-ring57.pro\/index.php?rest_route=\/wp\/v2\/types\/page"}],"author":[{"embeddable":true,"href":"https:\/\/n-ring57.pro\/index.php?rest_route=\/wp\/v2\/users\/1"}],"replies":[{"embeddable":true,"href":"https:\/\/n-ring57.pro\/index.php?rest_route=%2Fwp%2Fv2%2Fcomments&post=769"}],"version-history":[{"count":5,"href":"https:\/\/n-ring57.pro\/index.php?rest_route=\/wp\/v2\/pages\/769\/revisions"}],"predecessor-version":[{"id":804,"href":"https:\/\/n-ring57.pro\/index.php?rest_route=\/wp\/v2\/pages\/769\/revisions\/804"}],"wp:attachment":[{"href":"https:\/\/n-ring57.pro\/index.php?rest_route=%2Fwp%2Fv2%2Fmedia&parent=769"}],"curies":[{"name":"wp","href":"https:\/\/api.w.org\/{rel}","templated":true}]}}