{"id":750,"date":"2025-08-20T22:13:57","date_gmt":"2025-08-20T22:13:57","guid":{"rendered":"https:\/\/n-ring57.pro\/?page_id=750"},"modified":"2025-08-21T21:08:31","modified_gmt":"2025-08-21T21:08:31","slug":"ventas-y-metodos-de-pago-v2","status":"publish","type":"page","link":"https:\/\/n-ring57.pro\/?page_id=750","title":{"rendered":"VENTAS Y M\u00c9TODOS DE PAGO"},"content":{"rendered":"\n<div class=\"wp-block-cover alignfull is-light\" style=\"min-height:847px;aspect-ratio:unset;\"><img loading=\"lazy\" decoding=\"async\" width=\"1024\" height=\"1024\" class=\"wp-block-cover__image-background wp-image-701 size-large\" alt=\"\" src=\"https:\/\/n-ring57.pro\/wp-content\/uploads\/2025\/08\/fondo-1024x1024.png\" data-object-fit=\"cover\" srcset=\"https:\/\/n-ring57.pro\/wp-content\/uploads\/2025\/08\/fondo-1024x1024.png 1024w, https:\/\/n-ring57.pro\/wp-content\/uploads\/2025\/08\/fondo-300x300.png 300w, https:\/\/n-ring57.pro\/wp-content\/uploads\/2025\/08\/fondo-150x150.png 150w, https:\/\/n-ring57.pro\/wp-content\/uploads\/2025\/08\/fondo-768x768.png 768w, https:\/\/n-ring57.pro\/wp-content\/uploads\/2025\/08\/fondo.png 1500w\" sizes=\"auto, (max-width: 1024px) 100vw, 1024px\" \/><span aria-hidden=\"true\" class=\"wp-block-cover__background has-background-dim\" style=\"background-color:#def0f4\"><\/span><div class=\"wp-block-cover__inner-container is-layout-constrained wp-block-cover-is-layout-constrained\">\n<p class=\"has-text-align-center has-large-font-size\"><em><sub><strong><sup>HACEMOS ENV\u00cdOS A TODO EL PA\u00cdS<\/sup><\/strong><\/sub><\/em><\/p>\n\n\n\n<p><em>Puedes hacer tus pedidos a trav\u00e9s de los canales que encontrar\u00e1s en nuestra secci\u00f3n de contactos.<\/em><\/p>\n\n\n\n<p><em>Los m\u00e9todos de pago aceptados son :<\/em><\/p>\n\n\n\n<p><em><strong>Nequi:<\/strong>&nbsp;Este se hace cuando se hace entrega de la pieza de manera presencial entre cliente y vendedor, se recibe directamente a la billetera virtual si la persona no carga efectivo a la mano<\/em><\/p>\n\n\n\n<p><em><strong>Pago contra entrega:<\/strong>&nbsp;Este se realiza cuando es venta a nivel nacional, el cliente recibe el producto en su domicilio y paga tanto la pieza como el flete de transporte<\/em><\/p>\n\n\n\n<p><em><strong>Pago presencial:&nbsp;<\/strong>Este m\u00e9todo se realiza cuando la persona recibe directamente la pieza de parte del vendedor y desea pagar en efectivo directamente<\/em><\/p>\n\n\n\n<figure class=\"wp-block-image size-full\"><img loading=\"lazy\" decoding=\"async\" width=\"684\" height=\"206\" src=\"https:\/\/n-ring57.pro\/wp-content\/uploads\/2025\/08\/2025-08-18_18-24-23.jpg\" alt=\"\" class=\"wp-image-596\" srcset=\"https:\/\/n-ring57.pro\/wp-content\/uploads\/2025\/08\/2025-08-18_18-24-23.jpg 684w, https:\/\/n-ring57.pro\/wp-content\/uploads\/2025\/08\/2025-08-18_18-24-23-300x90.jpg 300w\" sizes=\"auto, (max-width: 684px) 100vw, 684px\" \/><\/figure>\n<\/div><\/div>\n","protected":false},"excerpt":{"rendered":"","protected":false},"author":1,"featured_media":0,"parent":0,"menu_order":0,"comment_status":"closed","ping_status":"closed","template":"","meta":{"footnotes":""},"class_list":["post-750","page","type-page","status-publish","hentry","post"],"_links":{"self":[{"href":"https:\/\/n-ring57.pro\/index.php?rest_route=\/wp\/v2\/pages\/750","targetHints":{"allow":["GET"]}}],"collection":[{"href":"https:\/\/n-ring57.pro\/index.php?rest_route=\/wp\/v2\/pages"}],"about":[{"href":"https:\/\/n-ring57.pro\/index.php?rest_route=\/wp\/v2\/types\/page"}],"author":[{"embeddable":true,"href":"https:\/\/n-ring57.pro\/index.php?rest_route=\/wp\/v2\/users\/1"}],"replies":[{"embeddable":true,"href":"https:\/\/n-ring57.pro\/index.php?rest_route=%2Fwp%2Fv2%2Fcomments&post=750"}],"version-history":[{"count":5,"href":"https:\/\/n-ring57.pro\/index.php?rest_route=\/wp\/v2\/pages\/750\/revisions"}],"predecessor-version":[{"id":810,"href":"https:\/\/n-ring57.pro\/index.php?rest_route=\/wp\/v2\/pages\/750\/revisions\/810"}],"wp:attachment":[{"href":"https:\/\/n-ring57.pro\/index.php?rest_route=%2Fwp%2Fv2%2Fmedia&parent=750"}],"curies":[{"name":"wp","href":"https:\/\/api.w.org\/{rel}","templated":true}]}}